{"id":364,"date":"2019-11-06T15:51:22","date_gmt":"2019-11-06T19:51:22","guid":{"rendered":"https:\/\/diern.ufms.br\/?page_id=364"},"modified":"2025-08-20T15:14:09","modified_gmt":"2025-08-20T19:14:09","slug":"apresentacao-de-trabalhos","status":"publish","type":"page","link":"https:\/\/diern.ufms.br\/en\/apresentacao-de-trabalhos\/","title":{"rendered":"TRABALHOS APROVADOS"},"content":{"rendered":"<p style=\"text-align: center\"><img fetchpriority=\"high\" decoding=\"async\" class=\"aligncenter wp-image-1989 size-full\" src=\"https:\/\/diern.ufms.br\/files\/2025\/06\/banner-1.jpg\" alt=\"\" width=\"1022\" height=\"492\" srcset=\"https:\/\/diern.ufms.br\/files\/2025\/06\/banner-1.jpg 1022w, https:\/\/diern.ufms.br\/files\/2025\/06\/banner-1-300x144.jpg 300w, https:\/\/diern.ufms.br\/files\/2025\/06\/banner-1-768x370.jpg 768w, https:\/\/diern.ufms.br\/files\/2025\/06\/banner-1-665x320.jpg 665w\" sizes=\"(max-width: 1022px) 100vw, 1022px\" \/><\/p>\n<p>&nbsp;<\/p>\n<hr \/>\n<p style=\"text-align: center\"><span style=\"font-size: 18pt\"><strong>28 DE AGOSTO DE 2025\u00a0<\/strong><\/span><\/p>\n<hr \/>\n<p>Os trabalhos presentes na lista abaixo ser\u00e3o apresentados na modalidade <strong>Banner<\/strong> no dia <strong>28 de Agosto de 2025<\/strong> no 09\u00ba Congresso do Centro-Oeste sobre Doen\u00e7as Infecciosas Emergentes, Reemergentes e Negligenciadas no <strong>per\u00edodo matutino (10:00 \u2013 10:30) e no per\u00edodo vespertino (15:30 \u2013 16:00).<\/strong><br \/>\nPedimos que os autores respons\u00e1veis pelos trabalhos que ir\u00e3o apresentar procurem a Comiss\u00e3o Cient\u00edfica assim que chegarem ao evento para que os trabalhos sejam posicionados para as apresenta\u00e7\u00f5es.<\/p>\n<p>&nbsp;<\/p>\n<p style=\"text-align: center\"><strong>PARA BAIXA A LISTA DOS TRABALHOS SELECIONADOS PARA APRESENTA\u00c7\u00c3O NO DIA 28 DE AGOSTO DE 2025<\/strong><\/p>\n<p style=\"text-align: center\"><a href=\"https:\/\/diern.ufms.br\/files\/2025\/08\/Trabalhos-DIERN-Dia-28-de-Agosto-de-2025.pdf\">CLIQUE AQUI<\/a><\/p>\n<p>&nbsp;<\/p>\n<p>&nbsp;<\/p>\n<hr \/>\n<p style=\"text-align: center\"><span style=\"font-size: 18pt\"><strong>29 DE AGOSTO DE 2025\u00a0<\/strong><\/span><\/p>\n<hr \/>\n<p>Os trabalhos presentes na lista abaixo ser\u00e3o apresentados na modalidade <strong>Banner<\/strong> no dia <strong>29 de Agosto de 2025<\/strong> no 09\u00ba Congresso do Centro-Oeste sobre Doen\u00e7as Infecciosas Emergentes, Reemergentes e Negligenciadas no <strong>per\u00edodo matutino<\/strong> (<strong>090:00 \u2013 09:30<\/strong>) <strong>e no per\u00edodo vespertino (15:30 \u2013 16:00)<\/strong>. Pedimos que os autores respons\u00e1veis pelos trabalhos que ir\u00e3o apresentar procurem a Comiss\u00e3o Cient\u00edfica assim que chegarem ao evento para que os trabalhos sejam posicionados para as apresenta\u00e7\u00f5es.<\/p>\n<p>&nbsp;<\/p>\n<p style=\"text-align: center\"><strong>PARA BAIXA A LISTA DOS TRABALHOS SELECIONADOS PARA APRESENTA\u00c7\u00c3O NO DIA 29 DE AGOSTO DE 2025<\/strong><\/p>\n<p style=\"text-align: center\"><a href=\"https:\/\/diern.ufms.br\/files\/2025\/08\/Trabalhos-DIERN-Dia-29-de-Agosto-de-2025.pdf\">CLIQUE AQUI<\/a><\/p>\n","protected":false},"excerpt":{"rendered":"<p>&nbsp; 28 DE AGOSTO DE 2025\u00a0 Os trabalhos presentes na lista abaixo ser\u00e3o apresentados na modalidade Banner no dia 28 de Agosto de 2025 no 09\u00ba Congresso do Centro-Oeste sobre Doen\u00e7as Infecciosas Emergentes, Reemergentes e Negligenciadas no per\u00edodo matutino (10:00 \u2013 10:30) e no per\u00edodo vespertino (15:30 \u2013 16:00). Pedimos que os autores respons\u00e1veis pelos [&hellip;]<\/p>\n","protected":false},"author":1429,"featured_media":0,"parent":0,"menu_order":0,"comment_status":"closed","ping_status":"closed","template":"","meta":{"footnotes":""},"coauthors":[11],"class_list":["post-364","page","type-page","status-publish","hentry"],"_links":{"self":[{"href":"https:\/\/diern.ufms.br\/en\/wp-json\/wp\/v2\/pages\/364","targetHints":{"allow":["GET"]}}],"collection":[{"href":"https:\/\/diern.ufms.br\/en\/wp-json\/wp\/v2\/pages"}],"about":[{"href":"https:\/\/diern.ufms.br\/en\/wp-json\/wp\/v2\/types\/page"}],"author":[{"embeddable":true,"href":"https:\/\/diern.ufms.br\/en\/wp-json\/wp\/v2\/users\/1429"}],"replies":[{"embeddable":true,"href":"https:\/\/diern.ufms.br\/en\/wp-json\/wp\/v2\/comments?post=364"}],"version-history":[{"count":28,"href":"https:\/\/diern.ufms.br\/en\/wp-json\/wp\/v2\/pages\/364\/revisions"}],"predecessor-version":[{"id":2153,"href":"https:\/\/diern.ufms.br\/en\/wp-json\/wp\/v2\/pages\/364\/revisions\/2153"}],"wp:attachment":[{"href":"https:\/\/diern.ufms.br\/en\/wp-json\/wp\/v2\/media?parent=364"}],"wp:term":[{"taxonomy":"author","embeddable":true,"href":"https:\/\/diern.ufms.br\/en\/wp-json\/wp\/v2\/coauthors?post=364"}],"curies":[{"name":"wp","href":"https:\/\/api.w.org\/{rel}","templated":true}]}}